{"id":242,"date":"2023-10-30T08:21:10","date_gmt":"2023-10-30T07:21:10","guid":{"rendered":"http:\/\/atecwebdev.com\/vraneseviclaw\/kontakt\/"},"modified":"2023-12-19T20:06:12","modified_gmt":"2023-12-19T19:06:12","slug":"contact","status":"publish","type":"page","link":"https:\/\/vraneseviclaw.com\/en\/contact\/","title":{"rendered":"Contact"},"content":{"rendered":"","protected":false},"excerpt":{"rendered":"","protected":false},"author":1,"featured_media":0,"parent":0,"menu_order":0,"comment_status":"closed","ping_status":"closed","template":"templates-pages\/page-contact.php","meta":{"_acf_changed":false,"footnotes":""},"class_list":["post-242","page","type-page","status-publish","hentry"],"acf":[],"yoast_head":"<!-- This site is optimized with the Yoast SEO plugin v27.4 - https:\/\/yoast.com\/product\/yoast-seo-wordpress\/ -->\n<title>Contact - Law firm Vranesevic Grbic Belgrade<\/title>\n<meta name=\"description\" content=\"Law office Belgrade Lucija Vrane\u0161evi\u0107 - legal services in: criminal, immigration, contractual, IT, corporate and commercial law.\" \/>\n<meta name=\"robots\" content=\"index, follow, max-snippet:-1, max-image-preview:large, max-video-preview:-1\" \/>\n<link rel=\"canonical\" href=\"https:\/\/vraneseviclaw.com\/en\/contact\/\" \/>\n<meta property=\"og:locale\" content=\"en_US\" \/>\n<meta property=\"og:type\" content=\"article\" \/>\n<meta property=\"og:title\" content=\"Contact - Law firm Vranesevic Grbic Belgrade\" \/>\n<meta property=\"og:description\" content=\"Law office Belgrade Lucija Vrane\u0161evi\u0107 - legal services in: criminal, immigration, contractual, IT, corporate and commercial law.\" \/>\n<meta property=\"og:url\" content=\"https:\/\/vraneseviclaw.com\/en\/contact\/\" \/>\n<meta property=\"og:site_name\" content=\"Law firm Vranesevic Grbic Belgrade\" \/>\n<meta property=\"article:modified_time\" content=\"2023-12-19T19:06:12+00:00\" \/>\n<meta property=\"og:image\" content=\"https:\/\/vraneseviclaw.com\/wp-content\/uploads\/2023\/12\/advokat-lucija-vranesevic-beograd.jpg\" \/>\n\t<meta property=\"og:image:width\" content=\"1200\" \/>\n\t<meta property=\"og:image:height\" content=\"675\" \/>\n\t<meta property=\"og:image:type\" content=\"image\/jpeg\" \/>\n<meta name=\"twitter:card\" content=\"summary_large_image\" \/>\n<script type=\"application\/ld+json\" class=\"yoast-schema-graph\">{\"@context\":\"https:\\\/\\\/schema.org\",\"@graph\":[{\"@type\":\"WebPage\",\"@id\":\"https:\\\/\\\/vraneseviclaw.com\\\/en\\\/contact\\\/\",\"url\":\"https:\\\/\\\/vraneseviclaw.com\\\/en\\\/contact\\\/\",\"name\":\"Contact - Law firm Vranesevic Grbic Belgrade\",\"isPartOf\":{\"@id\":\"https:\\\/\\\/vraneseviclaw.com\\\/#website\"},\"datePublished\":\"2023-10-30T07:21:10+00:00\",\"dateModified\":\"2023-12-19T19:06:12+00:00\",\"description\":\"Law office Belgrade Lucija Vrane\u0161evi\u0107 - legal services in: criminal, immigration, contractual, IT, corporate and commercial law.\",\"breadcrumb\":{\"@id\":\"https:\\\/\\\/vraneseviclaw.com\\\/en\\\/contact\\\/#breadcrumb\"},\"inLanguage\":\"en-US\",\"potentialAction\":[{\"@type\":\"ReadAction\",\"target\":[\"https:\\\/\\\/vraneseviclaw.com\\\/en\\\/contact\\\/\"]}]},{\"@type\":\"BreadcrumbList\",\"@id\":\"https:\\\/\\\/vraneseviclaw.com\\\/en\\\/contact\\\/#breadcrumb\",\"itemListElement\":[{\"@type\":\"ListItem\",\"position\":1,\"name\":\"Po\u010detna\",\"item\":\"https:\\\/\\\/vraneseviclaw.com\\\/en\\\/\"},{\"@type\":\"ListItem\",\"position\":2,\"name\":\"Contact\"}]},{\"@type\":\"WebSite\",\"@id\":\"https:\\\/\\\/vraneseviclaw.com\\\/#website\",\"url\":\"https:\\\/\\\/vraneseviclaw.com\\\/\",\"name\":\"Advokatska kancelarija Vrane\u0161evi\u0107 Grbi\u0107 Beograd\",\"description\":\"Law firm Vranesevic Grbic Belgrade\",\"publisher\":{\"@id\":\"https:\\\/\\\/vraneseviclaw.com\\\/#organization\"},\"alternateName\":\"Advokatska kancelarija Vrane\u0161evi\u0107 Grbi\u0107 Beograd\",\"potentialAction\":[{\"@type\":\"SearchAction\",\"target\":{\"@type\":\"EntryPoint\",\"urlTemplate\":\"https:\\\/\\\/vraneseviclaw.com\\\/?s={search_term_string}\"},\"query-input\":{\"@type\":\"PropertyValueSpecification\",\"valueRequired\":true,\"valueName\":\"search_term_string\"}}],\"inLanguage\":\"en-US\"},{\"@type\":\"Organization\",\"@id\":\"https:\\\/\\\/vraneseviclaw.com\\\/#organization\",\"name\":\"Advokatska kancelarija Vrane\u0161evi\u0107 Grbi\u0107 Beograd\",\"alternateName\":\"Advokatska kancelarija Vrane\u0161evi\u0107 Grbi\u0107 Beograd\",\"url\":\"https:\\\/\\\/vraneseviclaw.com\\\/\",\"logo\":{\"@type\":\"ImageObject\",\"inLanguage\":\"en-US\",\"@id\":\"https:\\\/\\\/vraneseviclaw.com\\\/#\\\/schema\\\/logo\\\/image\\\/\",\"url\":\"https:\\\/\\\/vraneseviclaw.com\\\/wp-content\\\/uploads\\\/2023\\\/12\\\/advokat-beograd-lucija-vranesevic.jpg\",\"contentUrl\":\"https:\\\/\\\/vraneseviclaw.com\\\/wp-content\\\/uploads\\\/2023\\\/12\\\/advokat-beograd-lucija-vranesevic.jpg\",\"width\":696,\"height\":696,\"caption\":\"Advokatska kancelarija Vrane\u0161evi\u0107 Grbi\u0107 Beograd\"},\"image\":{\"@id\":\"https:\\\/\\\/vraneseviclaw.com\\\/#\\\/schema\\\/logo\\\/image\\\/\"},\"sameAs\":[\"https:\\\/\\\/www.linkedin.com\\\/company\\\/vraneevi-law\\\/\"]}]}<\/script>\n<!-- \/ Yoast SEO plugin. -->","yoast_head_json":{"title":"Contact - Law firm Vranesevic Grbic Belgrade","description":"Law office Belgrade Lucija Vrane\u0161evi\u0107 - legal services in: criminal, immigration, contractual, IT, corporate and commercial law.","robots":{"index":"index","follow":"follow","max-snippet":"max-snippet:-1","max-image-preview":"max-image-preview:large","max-video-preview":"max-video-preview:-1"},"canonical":"https:\/\/vraneseviclaw.com\/en\/contact\/","og_locale":"en_US","og_type":"article","og_title":"Contact - Law firm Vranesevic Grbic Belgrade","og_description":"Law office Belgrade Lucija Vrane\u0161evi\u0107 - legal services in: criminal, immigration, contractual, IT, corporate and commercial law.","og_url":"https:\/\/vraneseviclaw.com\/en\/contact\/","og_site_name":"Law firm Vranesevic Grbic Belgrade","article_modified_time":"2023-12-19T19:06:12+00:00","og_image":[{"width":1200,"height":675,"url":"https:\/\/vraneseviclaw.com\/wp-content\/uploads\/2023\/12\/advokat-lucija-vranesevic-beograd.jpg","type":"image\/jpeg"}],"twitter_card":"summary_large_image","schema":{"@context":"https:\/\/schema.org","@graph":[{"@type":"WebPage","@id":"https:\/\/vraneseviclaw.com\/en\/contact\/","url":"https:\/\/vraneseviclaw.com\/en\/contact\/","name":"Contact - Law firm Vranesevic Grbic Belgrade","isPartOf":{"@id":"https:\/\/vraneseviclaw.com\/#website"},"datePublished":"2023-10-30T07:21:10+00:00","dateModified":"2023-12-19T19:06:12+00:00","description":"Law office Belgrade Lucija Vrane\u0161evi\u0107 - legal services in: criminal, immigration, contractual, IT, corporate and commercial law.","breadcrumb":{"@id":"https:\/\/vraneseviclaw.com\/en\/contact\/#breadcrumb"},"inLanguage":"en-US","potentialAction":[{"@type":"ReadAction","target":["https:\/\/vraneseviclaw.com\/en\/contact\/"]}]},{"@type":"BreadcrumbList","@id":"https:\/\/vraneseviclaw.com\/en\/contact\/#breadcrumb","itemListElement":[{"@type":"ListItem","position":1,"name":"Po\u010detna","item":"https:\/\/vraneseviclaw.com\/en\/"},{"@type":"ListItem","position":2,"name":"Contact"}]},{"@type":"WebSite","@id":"https:\/\/vraneseviclaw.com\/#website","url":"https:\/\/vraneseviclaw.com\/","name":"Advokatska kancelarija Vrane\u0161evi\u0107 Grbi\u0107 Beograd","description":"Law firm Vranesevic Grbic Belgrade","publisher":{"@id":"https:\/\/vraneseviclaw.com\/#organization"},"alternateName":"Advokatska kancelarija Vrane\u0161evi\u0107 Grbi\u0107 Beograd","potentialAction":[{"@type":"SearchAction","target":{"@type":"EntryPoint","urlTemplate":"https:\/\/vraneseviclaw.com\/?s={search_term_string}"},"query-input":{"@type":"PropertyValueSpecification","valueRequired":true,"valueName":"search_term_string"}}],"inLanguage":"en-US"},{"@type":"Organization","@id":"https:\/\/vraneseviclaw.com\/#organization","name":"Advokatska kancelarija Vrane\u0161evi\u0107 Grbi\u0107 Beograd","alternateName":"Advokatska kancelarija Vrane\u0161evi\u0107 Grbi\u0107 Beograd","url":"https:\/\/vraneseviclaw.com\/","logo":{"@type":"ImageObject","inLanguage":"en-US","@id":"https:\/\/vraneseviclaw.com\/#\/schema\/logo\/image\/","url":"https:\/\/vraneseviclaw.com\/wp-content\/uploads\/2023\/12\/advokat-beograd-lucija-vranesevic.jpg","contentUrl":"https:\/\/vraneseviclaw.com\/wp-content\/uploads\/2023\/12\/advokat-beograd-lucija-vranesevic.jpg","width":696,"height":696,"caption":"Advokatska kancelarija Vrane\u0161evi\u0107 Grbi\u0107 Beograd"},"image":{"@id":"https:\/\/vraneseviclaw.com\/#\/schema\/logo\/image\/"},"sameAs":["https:\/\/www.linkedin.com\/company\/vraneevi-law\/"]}]}},"_links":{"self":[{"href":"https:\/\/vraneseviclaw.com\/en\/wp-json\/wp\/v2\/pages\/242","targetHints":{"allow":["GET"]}}],"collection":[{"href":"https:\/\/vraneseviclaw.com\/en\/wp-json\/wp\/v2\/pages"}],"about":[{"href":"https:\/\/vraneseviclaw.com\/en\/wp-json\/wp\/v2\/types\/page"}],"author":[{"embeddable":true,"href":"https:\/\/vraneseviclaw.com\/en\/wp-json\/wp\/v2\/users\/1"}],"replies":[{"embeddable":true,"href":"https:\/\/vraneseviclaw.com\/en\/wp-json\/wp\/v2\/comments?post=242"}],"version-history":[{"count":1,"href":"https:\/\/vraneseviclaw.com\/en\/wp-json\/wp\/v2\/pages\/242\/revisions"}],"predecessor-version":[{"id":243,"href":"https:\/\/vraneseviclaw.com\/en\/wp-json\/wp\/v2\/pages\/242\/revisions\/243"}],"wp:attachment":[{"href":"https:\/\/vraneseviclaw.com\/en\/wp-json\/wp\/v2\/media?parent=242"}],"curies":[{"name":"wp","href":"https:\/\/api.w.org\/{rel}","templated":true}]}}