{"id":245,"date":"2023-10-29T21:16:44","date_gmt":"2023-10-29T20:16:44","guid":{"rendered":"http:\/\/atecwebdev.com\/vraneseviclaw\/o-nama\/"},"modified":"2025-10-21T10:19:09","modified_gmt":"2025-10-21T08:19:09","slug":"about-us","status":"publish","type":"page","link":"https:\/\/vraneseviclaw.com\/en\/about-us\/","title":{"rendered":"About Us"},"content":{"rendered":"\n<div class=\"wp-block-columns about-section1 is-layout-flex wp-container-core-columns-is-layout-9d6595d7 wp-block-columns-is-layout-flex\">\n<div class=\"wp-block-column is-layout-flow wp-block-column-is-layout-flow\">\n<p>Driven by an entrepreneurial spirit and a passion for innovation, we provide individually tailored legal services. Since our founding in 2021, we have been advising and representing both domestic and international clients, with a particular focus on corporate, commercial, IT, and sports law.<\/p>\n\n\n\n<p>We believe in cultivating long-term partnerships based on trust and transparency. At the core of our practice is the belief that the legal field must adapt and evolve alongside the fast-paced world of technology and business. That\u2019s why we strive to remain at the forefront of legal innovation, leveraging technology to enhance our services.<\/p>\n<\/div>\n<\/div>\n\n\n\n<div class=\"wp-block-columns is-layout-flex wp-container-core-columns-is-layout-9d6595d7 wp-block-columns-is-layout-flex\">\n<div class=\"wp-block-column about-section2 is-layout-flow wp-block-column-is-layout-flow\">\n<div class=\"wp-block-columns is-layout-flex wp-container-core-columns-is-layout-9d6595d7 wp-block-columns-is-layout-flex\">\n<div class=\"wp-block-column about-section2-left is-layout-flow wp-block-column-is-layout-flow\" style=\"flex-basis:45%\">\n<figure class=\"wp-block-image size-full is-style-default\"><img loading=\"lazy\" decoding=\"async\" width=\"667\" height=\"1000\" src=\"https:\/\/vraneseviclaw.com\/wp-content\/uploads\/2023\/11\/advokat-lucija-vranesevic-b-grbic-beograd.jpg\" alt=\" Advokat Lucija Vrane\u0161evi\u0107 Grbi\u0107 Beograd\" class=\"wp-image-272\" srcset=\"https:\/\/vraneseviclaw.com\/wp-content\/uploads\/2023\/11\/advokat-lucija-vranesevic-b-grbic-beograd.jpg 667w, https:\/\/vraneseviclaw.com\/wp-content\/uploads\/2023\/11\/advokat-lucija-vranesevic-b-grbic-beograd-200x300.jpg 200w, https:\/\/vraneseviclaw.com\/wp-content\/uploads\/2023\/11\/advokat-lucija-vranesevic-b-grbic-beograd-340x510.jpg 340w\" sizes=\"auto, (max-width: 667px) 100vw, 667px\" \/><\/figure>\n<\/div>\n\n\n\n<div class=\"wp-block-column about-section2-right is-layout-flow wp-block-column-is-layout-flow\" style=\"flex-basis:55%\">\n<h2 class=\"wp-block-heading\">MEET THE FOUNDER<\/h2>\n\n\n\n<p>Lucija Vrane\u0161evi\u0107 Grbi\u0107 began her legal journey during her undergraduate studies, gaining experience in renowned law firms in Serbia and abroad. After completing her undergraduate and master\u2019s studies in criminal law (LL.M) at the University of Belgrade, she further specialized at Harvard University, earning the CS50L: CS50 for Lawyers certificate.<br><\/p>\n\n\n\n<p>She is the author of several expert articles in the fields of commercial, contract, sports, and IT law, as well as competition law, with a strong emphasis on legal scholarship and a research-based approach to practice.<br><\/p>\n\n\n\n<p>Her work focuses on contract, commercial, IT, and sports law, competition protection, and advisory services. Her long-standing passion for sports has been seamlessly integrated into her legal career, guided by the belief that discipline and dedication lead to excellence.<\/p>\n\n\n\n<div class=\"et_pb_with_border et_pb_module et_pb_text et_pb_text_6  et_pb_text_align_left et_pb_bg_layout_light\">\n<div class=\"et_pb_text_inner\">\n<h3>Memberships:<\/h3>\n<\/div>\n<\/div>\n\n\n\n<div class=\"et_pb_module et_pb_text et_pb_text_7  et_pb_text_align_left et_pb_bg_layout_light\">\n<div class=\"et_pb_text_inner\">\n<ul>\n<li>\n<p><span class=\"TextRun SCXW226390850 BCX0\" lang=\"EN-GB\" xml:lang=\"EN-GB\" data-contrast=\"auto\"><span class=\"NormalTextRun SCXW226390850 BCX0\">Belgrade Bar Association<\/span><\/span><\/p>\n<\/li>\n<li>\n<p><span class=\"TextRun SCXW226390850 BCX0\" lang=\"EN-GB\" xml:lang=\"EN-GB\" data-contrast=\"auto\"><span class=\"NormalTextRun SCXW226390850 BCX0\">New York State Bar Association (NYSBA)<\/span><\/span><\/p>\n<\/li>\n<li><a href=\"https:\/\/www.wolep.com\/\" target=\"_blank\" rel=\"noopener\">WOLEP <\/a><\/li>\n<\/ul>\n<\/div>\n<\/div>\n\n\n\n<ul class=\"wp-block-social-links has-large-icon-size has-icon-color has-icon-background-color linkedin-icon-about is-style-default is-horizontal is-content-justification-left is-layout-flex wp-container-core-social-links-is-layout-330e958a wp-block-social-links-is-layout-flex\"><li style=\"color:#0a3147;background-color:#ffffff00;\" class=\"wp-social-link wp-social-link-linkedin  wp-block-social-link\"><a rel=\"noopener nofollow\" target=\"_blank\" href=\"https:\/\/www.linkedin.com\/in\/lucija-vrane%C5%A1evi%C4%87-grbi%C4%87-09a879120\/%20\" class=\"wp-block-social-link-anchor\"><svg width=\"24\" height=\"24\" viewBox=\"0 0 24 24\" version=\"1.1\" xmlns=\"http:\/\/www.w3.org\/2000\/svg\" aria-hidden=\"true\" focusable=\"false\"><path d=\"M19.7,3H4.3C3.582,3,3,3.582,3,4.3v15.4C3,20.418,3.582,21,4.3,21h15.4c0.718,0,1.3-0.582,1.3-1.3V4.3 C21,3.582,20.418,3,19.7,3z M8.339,18.338H5.667v-8.59h2.672V18.338z M7.004,8.574c-0.857,0-1.549-0.694-1.549-1.548 c0-0.855,0.691-1.548,1.549-1.548c0.854,0,1.547,0.694,1.547,1.548C8.551,7.881,7.858,8.574,7.004,8.574z M18.339,18.338h-2.669 v-4.177c0-0.996-0.017-2.278-1.387-2.278c-1.389,0-1.601,1.086-1.601,2.206v4.249h-2.667v-8.59h2.559v1.174h0.037 c0.356-0.675,1.227-1.387,2.526-1.387c2.703,0,3.203,1.779,3.203,4.092V18.338z\"><\/path><\/svg><span class=\"wp-block-social-link-label screen-reader-text\">LinkedIn<\/span><\/a><\/li><\/ul>\n<\/div>\n<\/div>\n<\/div>\n<\/div>\n\n\n\n<div class=\"wp-block-columns is-layout-flex wp-container-core-columns-is-layout-9d6595d7 wp-block-columns-is-layout-flex\">\n<div class=\"wp-block-column about-section2 is-layout-flow wp-block-column-is-layout-flow\">\n<div class=\"wp-block-columns is-layout-flex wp-container-core-columns-is-layout-9d6595d7 wp-block-columns-is-layout-flex\">\n<div class=\"wp-block-column about-section2-left is-layout-flow wp-block-column-is-layout-flow\" style=\"flex-basis:45%\">\n<figure class=\"wp-block-image size-full is-style-default\"><img loading=\"lazy\" decoding=\"async\" width=\"667\" height=\"1000\" src=\"https:\/\/vraneseviclaw.com\/wp-content\/uploads\/2025\/10\/advokat-aleksandar-popovic-vranesevic-law.jpg\" alt=\"\" class=\"wp-image-1041\" srcset=\"https:\/\/vraneseviclaw.com\/wp-content\/uploads\/2025\/10\/advokat-aleksandar-popovic-vranesevic-law.jpg 667w, https:\/\/vraneseviclaw.com\/wp-content\/uploads\/2025\/10\/advokat-aleksandar-popovic-vranesevic-law-200x300.jpg 200w, https:\/\/vraneseviclaw.com\/wp-content\/uploads\/2025\/10\/advokat-aleksandar-popovic-vranesevic-law-340x510.jpg 340w\" sizes=\"auto, (max-width: 667px) 100vw, 667px\" \/><\/figure>\n<\/div>\n\n\n\n<div class=\"wp-block-column about-section2-right is-layout-flow wp-block-column-is-layout-flow\" style=\"flex-basis:55%\">\n<h2 class=\"wp-block-heading\">Aleksandar Popovi\u0107<\/h2>\n\n\n\n<h3 class=\"wp-block-heading\">Associate<\/h3>\n\n\n\n<p>Aleksandar Popovi\u0107 is an attorney who primarily focuses on litigation, commercial and corporate law, contract law, and consulting services such as due diligence and compliance, as well as consumer rights and personal data protection.<\/p>\n\n\n\n<p>Since 2020, he has gained experience working in the Office of the City of Belgrade Attorney, in private practice, and through participation in numerous projects that required his interdisciplinary approach.<\/p>\n\n\n\n<p>His previous involvement in journalism and debate enabled him to develop strong communication and research skills, while he nurtures his creativity at work through reading books and playing the guitar.<\/p>\n\n\n\n<div class=\"et_pb_with_border et_pb_module et_pb_text et_pb_text_6  et_pb_text_align_left et_pb_bg_layout_light\">\n<div class=\"et_pb_text_inner\">\n<h3>Admissions:<\/h3>\n<\/div>\n<\/div>\n\n\n\n<div class=\"et_pb_module et_pb_text et_pb_text_7  et_pb_text_align_left et_pb_bg_layout_light\">\n<div class=\"et_pb_text_inner\">\n<ul>\n<li>\n<p><span class=\"TextRun SCXW226390850 BCX0\" lang=\"EN-GB\" xml:lang=\"EN-GB\" data-contrast=\"auto\"><span class=\"NormalTextRun SCXW226390850 BCX0\">Belgrade Bar Association<\/span><\/span><\/p>\n<\/li>\n<\/ul>\n<\/div>\n<\/div>\n\n\n\n<ul class=\"wp-block-social-links has-large-icon-size has-icon-color has-icon-background-color linkedin-icon-about is-style-default is-horizontal is-content-justification-left is-layout-flex wp-container-core-social-links-is-layout-330e958a wp-block-social-links-is-layout-flex\"><li style=\"color:#0a3147;background-color:#ffffff00;\" class=\"wp-social-link wp-social-link-linkedin  wp-block-social-link\"><a rel=\"noopener nofollow\" target=\"_blank\" href=\"https:\/\/www.linkedin.com\/in\/aleksandardcpopovic\/\" class=\"wp-block-social-link-anchor\"><svg width=\"24\" height=\"24\" viewBox=\"0 0 24 24\" version=\"1.1\" xmlns=\"http:\/\/www.w3.org\/2000\/svg\" aria-hidden=\"true\" focusable=\"false\"><path d=\"M19.7,3H4.3C3.582,3,3,3.582,3,4.3v15.4C3,20.418,3.582,21,4.3,21h15.4c0.718,0,1.3-0.582,1.3-1.3V4.3 C21,3.582,20.418,3,19.7,3z M8.339,18.338H5.667v-8.59h2.672V18.338z M7.004,8.574c-0.857,0-1.549-0.694-1.549-1.548 c0-0.855,0.691-1.548,1.549-1.548c0.854,0,1.547,0.694,1.547,1.548C8.551,7.881,7.858,8.574,7.004,8.574z M18.339,18.338h-2.669 v-4.177c0-0.996-0.017-2.278-1.387-2.278c-1.389,0-1.601,1.086-1.601,2.206v4.249h-2.667v-8.59h2.559v1.174h0.037 c0.356-0.675,1.227-1.387,2.526-1.387c2.703,0,3.203,1.779,3.203,4.092V18.338z\"><\/path><\/svg><span class=\"wp-block-social-link-label screen-reader-text\">LinkedIn<\/span><\/a><\/li><\/ul>\n<\/div>\n<\/div>\n<\/div>\n<\/div>\n\n\n\n<div class=\"wp-block-columns is-layout-flex wp-container-core-columns-is-layout-9d6595d7 wp-block-columns-is-layout-flex\">\n<div class=\"wp-block-column about-section2 is-layout-flow wp-block-column-is-layout-flow\">\n<div class=\"wp-block-columns is-layout-flex wp-container-core-columns-is-layout-9d6595d7 wp-block-columns-is-layout-flex\">\n<div class=\"wp-block-column about-section2-left is-layout-flow wp-block-column-is-layout-flow\" style=\"flex-basis:45%\">\n<figure class=\"wp-block-image size-full is-style-default\"><img loading=\"lazy\" decoding=\"async\" width=\"667\" height=\"1000\" src=\"https:\/\/vraneseviclaw.com\/wp-content\/uploads\/2025\/10\/advokat-gordana-simeunovic-vranesevic-law.jpg\" alt=\"\" class=\"wp-image-1037\" srcset=\"https:\/\/vraneseviclaw.com\/wp-content\/uploads\/2025\/10\/advokat-gordana-simeunovic-vranesevic-law.jpg 667w, https:\/\/vraneseviclaw.com\/wp-content\/uploads\/2025\/10\/advokat-gordana-simeunovic-vranesevic-law-200x300.jpg 200w, https:\/\/vraneseviclaw.com\/wp-content\/uploads\/2025\/10\/advokat-gordana-simeunovic-vranesevic-law-340x510.jpg 340w\" sizes=\"auto, (max-width: 667px) 100vw, 667px\" \/><\/figure>\n<\/div>\n\n\n\n<div class=\"wp-block-column about-section2-right is-layout-flow wp-block-column-is-layout-flow\" style=\"flex-basis:55%\">\n<h2 class=\"wp-block-heading\">Gordana Simeunovi\u0107<\/h2>\n\n\n\n<h3 class=\"wp-block-heading\">Associate Attorney<\/h3>\n\n\n\n<p>Her main areas of interest in legal practice include intellectual property law, sports law, real estate law, and inheritance law, as well as compensation claims and consumer protection.<\/p>\n\n\n\n<p>She also works in labor law and immigration law, as well as misdemeanor, media, commercial, and tax law, and the protection of human rights and freedoms.<\/p>\n\n\n\n<p>She has gained professional experience in law firms, as well as in managerial positions in several successful companies and as the owner of a marketing agency. Her experience working with numerous associates helped her develop as a leader and team manager who always had to achieve top results and ensure client satisfaction.<\/p>\n\n\n\n<p>Years of involvement in sports taught her discipline and dedication to work, while her engagement in music nurtured her creativity.<\/p>\n\n\n\n<p>Finally, as a mother, she learned love and patience, which may be the most important link in the domestic judicial system.<\/p>\n\n\n\n<p>Gordana was born and educated in Belgrade, where she completed her undergraduate and master\u2019s studies at the University of Belgrade. She has lived and worked in several European countries, is a member of the Belgrade Bar Association, and is the mother of two children.<\/p>\n\n\n\n<div class=\"et_pb_with_border et_pb_module et_pb_text et_pb_text_6  et_pb_text_align_left et_pb_bg_layout_light\">\n<div class=\"et_pb_text_inner\">\n<h3>Admissions:<\/h3>\n<\/div>\n<\/div>\n\n\n\n<div class=\"et_pb_module et_pb_text et_pb_text_7  et_pb_text_align_left et_pb_bg_layout_light\">\n<div class=\"et_pb_text_inner\">\n<ul>\n<li>\n<p><span class=\"TextRun SCXW226390850 BCX0\" lang=\"EN-GB\" xml:lang=\"EN-GB\" data-contrast=\"auto\"><span class=\"NormalTextRun SCXW226390850 BCX0\">Belgrade Bar Association<\/span><\/span><\/p>\n<\/li>\n<\/ul>\n<\/div>\n<\/div>\n\n\n\n<ul class=\"wp-block-social-links has-large-icon-size has-icon-color has-icon-background-color linkedin-icon-about is-style-default is-horizontal is-content-justification-left is-layout-flex wp-container-core-social-links-is-layout-330e958a wp-block-social-links-is-layout-flex\"><li style=\"color:#0a3147;background-color:#ffffff00;\" class=\"wp-social-link wp-social-link-linkedin  wp-block-social-link\"><a rel=\"noopener nofollow\" target=\"_blank\" href=\"https:\/\/www.linkedin.com\/in\/gordana-simeunovi%C4%87-9414a9386\/\" class=\"wp-block-social-link-anchor\"><svg width=\"24\" height=\"24\" viewBox=\"0 0 24 24\" version=\"1.1\" xmlns=\"http:\/\/www.w3.org\/2000\/svg\" aria-hidden=\"true\" focusable=\"false\"><path d=\"M19.7,3H4.3C3.582,3,3,3.582,3,4.3v15.4C3,20.418,3.582,21,4.3,21h15.4c0.718,0,1.3-0.582,1.3-1.3V4.3 C21,3.582,20.418,3,19.7,3z M8.339,18.338H5.667v-8.59h2.672V18.338z M7.004,8.574c-0.857,0-1.549-0.694-1.549-1.548 c0-0.855,0.691-1.548,1.549-1.548c0.854,0,1.547,0.694,1.547,1.548C8.551,7.881,7.858,8.574,7.004,8.574z M18.339,18.338h-2.669 v-4.177c0-0.996-0.017-2.278-1.387-2.278c-1.389,0-1.601,1.086-1.601,2.206v4.249h-2.667v-8.59h2.559v1.174h0.037 c0.356-0.675,1.227-1.387,2.526-1.387c2.703,0,3.203,1.779,3.203,4.092V18.338z\"><\/path><\/svg><span class=\"wp-block-social-link-label screen-reader-text\">LinkedIn<\/span><\/a><\/li><\/ul>\n<\/div>\n<\/div>\n<\/div>\n<\/div>\n","protected":false},"excerpt":{"rendered":"<p>Driven by an entrepreneurial spirit and a passion for innovation, we provide individually tailored legal services. Since our founding in 2021, we have been advising and representing both domestic and international clients, with a particular focus on corporate, commercial, IT, and sports law. We believe in cultivating long-term partnerships based<\/p>\n","protected":false},"author":1,"featured_media":0,"parent":0,"menu_order":0,"comment_status":"closed","ping_status":"closed","template":"","meta":{"_acf_changed":false,"footnotes":""},"class_list":["post-245","page","type-page","status-publish","hentry"],"acf":[],"yoast_head":"<!-- This site is optimized with the Yoast SEO plugin v27.4 - https:\/\/yoast.com\/product\/yoast-seo-wordpress\/ -->\n<title>About Us - Law firm Vranesevic Grbic Belgrade<\/title>\n<meta name=\"description\" content=\"Law firm Vrane\u0161evi\u0107 Grbi\u0107 \u2013 legal services in criminal, immigration, contract, IT, corporate, and commercial law.\" \/>\n<meta name=\"robots\" content=\"index, follow, max-snippet:-1, max-image-preview:large, max-video-preview:-1\" \/>\n<link rel=\"canonical\" href=\"https:\/\/vraneseviclaw.com\/en\/about-us\/\" \/>\n<meta property=\"og:locale\" content=\"en_US\" \/>\n<meta property=\"og:type\" content=\"article\" \/>\n<meta property=\"og:title\" content=\"About Us - Law firm Vranesevic Grbic Belgrade\" \/>\n<meta property=\"og:description\" content=\"Law firm Vrane\u0161evi\u0107 Grbi\u0107 \u2013 legal services in criminal, immigration, contract, IT, corporate, and commercial law.\" \/>\n<meta property=\"og:url\" content=\"https:\/\/vraneseviclaw.com\/en\/about-us\/\" \/>\n<meta property=\"og:site_name\" content=\"Law firm Vranesevic Grbic Belgrade\" \/>\n<meta property=\"article:modified_time\" content=\"2025-10-21T08:19:09+00:00\" \/>\n<meta property=\"og:image\" content=\"https:\/\/vraneseviclaw.com\/wp-content\/uploads\/2023\/11\/advokat-lucija-vranesevic-b-grbic-beograd.jpg\" \/>\n\t<meta property=\"og:image:width\" content=\"667\" \/>\n\t<meta property=\"og:image:height\" content=\"1000\" \/>\n\t<meta property=\"og:image:type\" content=\"image\/jpeg\" \/>\n<meta name=\"twitter:card\" content=\"summary_large_image\" \/>\n<meta name=\"twitter:label1\" content=\"Est. reading time\" \/>\n\t<meta name=\"twitter:data1\" content=\"4 minutes\" \/>\n<script type=\"application\/ld+json\" class=\"yoast-schema-graph\">{\"@context\":\"https:\\\/\\\/schema.org\",\"@graph\":[{\"@type\":\"WebPage\",\"@id\":\"https:\\\/\\\/vraneseviclaw.com\\\/en\\\/about-us\\\/\",\"url\":\"https:\\\/\\\/vraneseviclaw.com\\\/en\\\/about-us\\\/\",\"name\":\"About Us - Law firm Vranesevic Grbic Belgrade\",\"isPartOf\":{\"@id\":\"https:\\\/\\\/vraneseviclaw.com\\\/#website\"},\"primaryImageOfPage\":{\"@id\":\"https:\\\/\\\/vraneseviclaw.com\\\/en\\\/about-us\\\/#primaryimage\"},\"image\":{\"@id\":\"https:\\\/\\\/vraneseviclaw.com\\\/en\\\/about-us\\\/#primaryimage\"},\"thumbnailUrl\":\"https:\\\/\\\/vraneseviclaw.com\\\/wp-content\\\/uploads\\\/2023\\\/11\\\/advokat-lucija-vranesevic-b-grbic-beograd.jpg\",\"datePublished\":\"2023-10-29T20:16:44+00:00\",\"dateModified\":\"2025-10-21T08:19:09+00:00\",\"description\":\"Law firm Vrane\u0161evi\u0107 Grbi\u0107 \u2013 legal services in criminal, immigration, contract, IT, corporate, and commercial law.\",\"breadcrumb\":{\"@id\":\"https:\\\/\\\/vraneseviclaw.com\\\/en\\\/about-us\\\/#breadcrumb\"},\"inLanguage\":\"en-US\",\"potentialAction\":[{\"@type\":\"ReadAction\",\"target\":[\"https:\\\/\\\/vraneseviclaw.com\\\/en\\\/about-us\\\/\"]}]},{\"@type\":\"ImageObject\",\"inLanguage\":\"en-US\",\"@id\":\"https:\\\/\\\/vraneseviclaw.com\\\/en\\\/about-us\\\/#primaryimage\",\"url\":\"https:\\\/\\\/vraneseviclaw.com\\\/wp-content\\\/uploads\\\/2023\\\/11\\\/advokat-lucija-vranesevic-b-grbic-beograd.jpg\",\"contentUrl\":\"https:\\\/\\\/vraneseviclaw.com\\\/wp-content\\\/uploads\\\/2023\\\/11\\\/advokat-lucija-vranesevic-b-grbic-beograd.jpg\"},{\"@type\":\"BreadcrumbList\",\"@id\":\"https:\\\/\\\/vraneseviclaw.com\\\/en\\\/about-us\\\/#breadcrumb\",\"itemListElement\":[{\"@type\":\"ListItem\",\"position\":1,\"name\":\"Po\u010detna\",\"item\":\"https:\\\/\\\/vraneseviclaw.com\\\/en\\\/\"},{\"@type\":\"ListItem\",\"position\":2,\"name\":\"About Us\"}]},{\"@type\":\"WebSite\",\"@id\":\"https:\\\/\\\/vraneseviclaw.com\\\/#website\",\"url\":\"https:\\\/\\\/vraneseviclaw.com\\\/\",\"name\":\"Advokatska kancelarija Vrane\u0161evi\u0107 Grbi\u0107 Beograd\",\"description\":\"Law firm Vranesevic Grbic Belgrade\",\"publisher\":{\"@id\":\"https:\\\/\\\/vraneseviclaw.com\\\/#organization\"},\"alternateName\":\"Advokatska kancelarija Vrane\u0161evi\u0107 Grbi\u0107 Beograd\",\"potentialAction\":[{\"@type\":\"SearchAction\",\"target\":{\"@type\":\"EntryPoint\",\"urlTemplate\":\"https:\\\/\\\/vraneseviclaw.com\\\/?s={search_term_string}\"},\"query-input\":{\"@type\":\"PropertyValueSpecification\",\"valueRequired\":true,\"valueName\":\"search_term_string\"}}],\"inLanguage\":\"en-US\"},{\"@type\":\"Organization\",\"@id\":\"https:\\\/\\\/vraneseviclaw.com\\\/#organization\",\"name\":\"Advokatska kancelarija Vrane\u0161evi\u0107 Grbi\u0107 Beograd\",\"alternateName\":\"Advokatska kancelarija Vrane\u0161evi\u0107 Grbi\u0107 Beograd\",\"url\":\"https:\\\/\\\/vraneseviclaw.com\\\/\",\"logo\":{\"@type\":\"ImageObject\",\"inLanguage\":\"en-US\",\"@id\":\"https:\\\/\\\/vraneseviclaw.com\\\/#\\\/schema\\\/logo\\\/image\\\/\",\"url\":\"https:\\\/\\\/vraneseviclaw.com\\\/wp-content\\\/uploads\\\/2023\\\/12\\\/advokat-beograd-lucija-vranesevic.jpg\",\"contentUrl\":\"https:\\\/\\\/vraneseviclaw.com\\\/wp-content\\\/uploads\\\/2023\\\/12\\\/advokat-beograd-lucija-vranesevic.jpg\",\"width\":696,\"height\":696,\"caption\":\"Advokatska kancelarija Vrane\u0161evi\u0107 Grbi\u0107 Beograd\"},\"image\":{\"@id\":\"https:\\\/\\\/vraneseviclaw.com\\\/#\\\/schema\\\/logo\\\/image\\\/\"},\"sameAs\":[\"https:\\\/\\\/www.linkedin.com\\\/company\\\/vraneevi-law\\\/\"]}]}<\/script>\n<!-- \/ Yoast SEO plugin. -->","yoast_head_json":{"title":"About Us - Law firm Vranesevic Grbic Belgrade","description":"Law firm Vrane\u0161evi\u0107 Grbi\u0107 \u2013 legal services in criminal, immigration, contract, IT, corporate, and commercial law.","robots":{"index":"index","follow":"follow","max-snippet":"max-snippet:-1","max-image-preview":"max-image-preview:large","max-video-preview":"max-video-preview:-1"},"canonical":"https:\/\/vraneseviclaw.com\/en\/about-us\/","og_locale":"en_US","og_type":"article","og_title":"About Us - Law firm Vranesevic Grbic Belgrade","og_description":"Law firm Vrane\u0161evi\u0107 Grbi\u0107 \u2013 legal services in criminal, immigration, contract, IT, corporate, and commercial law.","og_url":"https:\/\/vraneseviclaw.com\/en\/about-us\/","og_site_name":"Law firm Vranesevic Grbic Belgrade","article_modified_time":"2025-10-21T08:19:09+00:00","og_image":[{"width":667,"height":1000,"url":"https:\/\/vraneseviclaw.com\/wp-content\/uploads\/2023\/11\/advokat-lucija-vranesevic-b-grbic-beograd.jpg","type":"image\/jpeg"}],"twitter_card":"summary_large_image","twitter_misc":{"Est. reading time":"4 minutes"},"schema":{"@context":"https:\/\/schema.org","@graph":[{"@type":"WebPage","@id":"https:\/\/vraneseviclaw.com\/en\/about-us\/","url":"https:\/\/vraneseviclaw.com\/en\/about-us\/","name":"About Us - Law firm Vranesevic Grbic Belgrade","isPartOf":{"@id":"https:\/\/vraneseviclaw.com\/#website"},"primaryImageOfPage":{"@id":"https:\/\/vraneseviclaw.com\/en\/about-us\/#primaryimage"},"image":{"@id":"https:\/\/vraneseviclaw.com\/en\/about-us\/#primaryimage"},"thumbnailUrl":"https:\/\/vraneseviclaw.com\/wp-content\/uploads\/2023\/11\/advokat-lucija-vranesevic-b-grbic-beograd.jpg","datePublished":"2023-10-29T20:16:44+00:00","dateModified":"2025-10-21T08:19:09+00:00","description":"Law firm Vrane\u0161evi\u0107 Grbi\u0107 \u2013 legal services in criminal, immigration, contract, IT, corporate, and commercial law.","breadcrumb":{"@id":"https:\/\/vraneseviclaw.com\/en\/about-us\/#breadcrumb"},"inLanguage":"en-US","potentialAction":[{"@type":"ReadAction","target":["https:\/\/vraneseviclaw.com\/en\/about-us\/"]}]},{"@type":"ImageObject","inLanguage":"en-US","@id":"https:\/\/vraneseviclaw.com\/en\/about-us\/#primaryimage","url":"https:\/\/vraneseviclaw.com\/wp-content\/uploads\/2023\/11\/advokat-lucija-vranesevic-b-grbic-beograd.jpg","contentUrl":"https:\/\/vraneseviclaw.com\/wp-content\/uploads\/2023\/11\/advokat-lucija-vranesevic-b-grbic-beograd.jpg"},{"@type":"BreadcrumbList","@id":"https:\/\/vraneseviclaw.com\/en\/about-us\/#breadcrumb","itemListElement":[{"@type":"ListItem","position":1,"name":"Po\u010detna","item":"https:\/\/vraneseviclaw.com\/en\/"},{"@type":"ListItem","position":2,"name":"About Us"}]},{"@type":"WebSite","@id":"https:\/\/vraneseviclaw.com\/#website","url":"https:\/\/vraneseviclaw.com\/","name":"Advokatska kancelarija Vrane\u0161evi\u0107 Grbi\u0107 Beograd","description":"Law firm Vranesevic Grbic Belgrade","publisher":{"@id":"https:\/\/vraneseviclaw.com\/#organization"},"alternateName":"Advokatska kancelarija Vrane\u0161evi\u0107 Grbi\u0107 Beograd","potentialAction":[{"@type":"SearchAction","target":{"@type":"EntryPoint","urlTemplate":"https:\/\/vraneseviclaw.com\/?s={search_term_string}"},"query-input":{"@type":"PropertyValueSpecification","valueRequired":true,"valueName":"search_term_string"}}],"inLanguage":"en-US"},{"@type":"Organization","@id":"https:\/\/vraneseviclaw.com\/#organization","name":"Advokatska kancelarija Vrane\u0161evi\u0107 Grbi\u0107 Beograd","alternateName":"Advokatska kancelarija Vrane\u0161evi\u0107 Grbi\u0107 Beograd","url":"https:\/\/vraneseviclaw.com\/","logo":{"@type":"ImageObject","inLanguage":"en-US","@id":"https:\/\/vraneseviclaw.com\/#\/schema\/logo\/image\/","url":"https:\/\/vraneseviclaw.com\/wp-content\/uploads\/2023\/12\/advokat-beograd-lucija-vranesevic.jpg","contentUrl":"https:\/\/vraneseviclaw.com\/wp-content\/uploads\/2023\/12\/advokat-beograd-lucija-vranesevic.jpg","width":696,"height":696,"caption":"Advokatska kancelarija Vrane\u0161evi\u0107 Grbi\u0107 Beograd"},"image":{"@id":"https:\/\/vraneseviclaw.com\/#\/schema\/logo\/image\/"},"sameAs":["https:\/\/www.linkedin.com\/company\/vraneevi-law\/"]}]}},"_links":{"self":[{"href":"https:\/\/vraneseviclaw.com\/en\/wp-json\/wp\/v2\/pages\/245","targetHints":{"allow":["GET"]}}],"collection":[{"href":"https:\/\/vraneseviclaw.com\/en\/wp-json\/wp\/v2\/pages"}],"about":[{"href":"https:\/\/vraneseviclaw.com\/en\/wp-json\/wp\/v2\/types\/page"}],"author":[{"embeddable":true,"href":"https:\/\/vraneseviclaw.com\/en\/wp-json\/wp\/v2\/users\/1"}],"replies":[{"embeddable":true,"href":"https:\/\/vraneseviclaw.com\/en\/wp-json\/wp\/v2\/comments?post=245"}],"version-history":[{"count":11,"href":"https:\/\/vraneseviclaw.com\/en\/wp-json\/wp\/v2\/pages\/245\/revisions"}],"predecessor-version":[{"id":1053,"href":"https:\/\/vraneseviclaw.com\/en\/wp-json\/wp\/v2\/pages\/245\/revisions\/1053"}],"wp:attachment":[{"href":"https:\/\/vraneseviclaw.com\/en\/wp-json\/wp\/v2\/media?parent=245"}],"curies":[{"name":"wp","href":"https:\/\/api.w.org\/{rel}","templated":true}]}}