{"id":259,"date":"2023-11-07T20:19:13","date_gmt":"2023-11-07T19:19:13","guid":{"rendered":"http:\/\/atecwebdev.com\/vraneseviclaw\/online-konsultacije\/"},"modified":"2023-12-19T20:08:00","modified_gmt":"2023-12-19T19:08:00","slug":"online-consultation","status":"publish","type":"page","link":"https:\/\/vraneseviclaw.com\/en\/online-consultation\/","title":{"rendered":"Online Consultation"},"content":{"rendered":"\n<div class=\"wp-block-columns is-layout-flex wp-container-core-columns-is-layout-9d6595d7 wp-block-columns-is-layout-flex\">\n<div class=\"wp-block-column is-layout-flow wp-block-column-is-layout-flow\">\n<h2><b><span data-contrast=\"auto\">Book a Consultation<\/span><\/b><\/h2>\n<p><span data-contrast=\"auto\">Seeking Legal Guidance or Considering Hiring an Attorney?<\/span><span data-ccp-props=\"{&quot;201341983&quot;:0,&quot;335551550&quot;:6,&quot;335551620&quot;:6,&quot;335559739&quot;:160,&quot;335559740&quot;:259}\">\u00a0<\/span><\/p>\n<p><span data-contrast=\"auto\">We&#8217;ve simplified the process of connecting with us\u00a0for a consultation, all from the convenience of your home or office. Our Online Consultation Services offer two distinct options:<\/span><span data-ccp-props=\"{&quot;201341983&quot;:0,&quot;335551550&quot;:6,&quot;335551620&quot;:6,&quot;335559739&quot;:160,&quot;335559740&quot;:259}\">\u00a0<\/span><\/p>\n<ol>\n<li data-leveltext=\"%1.\" data-font=\"Times New Roman\" data-listid=\"21\" data-list-defn-props=\"{&quot;335552541&quot;:0,&quot;335559683&quot;:0,&quot;335559684&quot;:-1,&quot;335559685&quot;:720,&quot;335559991&quot;:360,&quot;469769242&quot;:[65533,0,46],&quot;469777803&quot;:&quot;left&quot;,&quot;469777804&quot;:&quot;%1.&quot;,&quot;469777815&quot;:&quot;hybridMultilevel&quot;}\" aria-setsize=\"-1\" data-aria-posinset=\"1\" data-aria-level=\"1\"><b><span data-contrast=\"auto\">Complimentary 15-Minute Consultation:<\/span><\/b><span data-contrast=\"auto\"> Explore the possibility of working with us by scheduling a complimentary 15-minute consultation. Use this brief time to introduce your case, ask initial questions, and get to know our approach.<\/span><span data-ccp-props=\"{&quot;134233117&quot;:false,&quot;134233118&quot;:false,&quot;201341983&quot;:0,&quot;335551550&quot;:6,&quot;335551620&quot;:6,&quot;335559738&quot;:0,&quot;335559739&quot;:0,&quot;335559740&quot;:259}\">\u00a0<\/span><\/li>\n<li data-leveltext=\"%1.\" data-font=\"Times New Roman\" data-listid=\"21\" data-list-defn-props=\"{&quot;335552541&quot;:0,&quot;335559683&quot;:0,&quot;335559684&quot;:-1,&quot;335559685&quot;:720,&quot;335559991&quot;:360,&quot;469769242&quot;:[65533,0,46],&quot;469777803&quot;:&quot;left&quot;,&quot;469777804&quot;:&quot;%1.&quot;,&quot;469777815&quot;:&quot;hybridMultilevel&quot;}\" aria-setsize=\"-1\" data-aria-posinset=\"1\" data-aria-level=\"1\"><b><span data-contrast=\"auto\">One-Hour Consultation:<\/span><\/b><span data-contrast=\"auto\"> For more complex legal matters or specific inquiries, you can book a comprehensive one-hour consultation. If you require legal consultation only, we\u2019re here to assist. <\/span><span data-ccp-props=\"{&quot;134233117&quot;:false,&quot;134233118&quot;:false,&quot;201341983&quot;:0,&quot;335551550&quot;:6,&quot;335551620&quot;:6,&quot;335559738&quot;:0,&quot;335559739&quot;:0,&quot;335559740&quot;:259}\">\u00a0<\/span><\/li>\n<\/ol>\n<p><span data-ccp-props=\"{&quot;134233117&quot;:false,&quot;134233118&quot;:false,&quot;201341983&quot;:0,&quot;335551550&quot;:6,&quot;335551620&quot;:6,&quot;335559685&quot;:0,&quot;335559738&quot;:0,&quot;335559739&quot;:0,&quot;335559740&quot;:259}\">\u00a0<\/span><b><span data-contrast=\"auto\">Booking Your Consultation is Easy:<\/span><\/b><span data-ccp-props=\"{&quot;201341983&quot;:0,&quot;335551550&quot;:6,&quot;335551620&quot;:6,&quot;335559739&quot;:160,&quot;335559740&quot;:259}\">\u00a0<\/span><\/p>\n<ul>\n<li data-leveltext=\"-\" data-font=\"Calibri\" data-listid=\"22\" data-list-defn-props=\"{&quot;335552541&quot;:1,&quot;335559683&quot;:0,&quot;335559684&quot;:-2,&quot;335559685&quot;:720,&quot;335559991&quot;:360,&quot;469769226&quot;:&quot;Calibri&quot;,&quot;469769242&quot;:[8226],&quot;469777803&quot;:&quot;left&quot;,&quot;469777804&quot;:&quot;-&quot;,&quot;469777815&quot;:&quot;hybridMultilevel&quot;}\" aria-setsize=\"-1\" data-aria-posinset=\"61\" data-aria-level=\"1\"><span data-contrast=\"auto\">Select your preferred consultation type (Free or One-Hour).<\/span><span data-ccp-props=\"{&quot;134233117&quot;:false,&quot;134233118&quot;:false,&quot;201341983&quot;:0,&quot;335551550&quot;:6,&quot;335551620&quot;:6,&quot;335559738&quot;:0,&quot;335559739&quot;:0,&quot;335559740&quot;:259}\">\u00a0<\/span><\/li>\n<li data-leveltext=\"-\" data-font=\"Calibri\" data-listid=\"23\" data-list-defn-props=\"{&quot;335552541&quot;:1,&quot;335559683&quot;:0,&quot;335559684&quot;:-2,&quot;335559685&quot;:720,&quot;335559991&quot;:360,&quot;469769226&quot;:&quot;Calibri&quot;,&quot;469769242&quot;:[8226],&quot;469777803&quot;:&quot;left&quot;,&quot;469777804&quot;:&quot;-&quot;,&quot;469777815&quot;:&quot;hybridMultilevel&quot;}\" aria-setsize=\"-1\" data-aria-posinset=\"62\" data-aria-level=\"1\"><span data-contrast=\"auto\">Choose a date and time that suits your schedule.<\/span><span data-ccp-props=\"{&quot;134233117&quot;:false,&quot;134233118&quot;:false,&quot;201341983&quot;:0,&quot;335551550&quot;:6,&quot;335551620&quot;:6,&quot;335559738&quot;:0,&quot;335559739&quot;:0,&quot;335559740&quot;:259}\">\u00a0<\/span><\/li>\n<li data-leveltext=\"-\" data-font=\"Calibri\" data-listid=\"24\" data-list-defn-props=\"{&quot;335552541&quot;:1,&quot;335559683&quot;:0,&quot;335559684&quot;:-2,&quot;335559685&quot;:720,&quot;335559991&quot;:360,&quot;469769226&quot;:&quot;Calibri&quot;,&quot;469769242&quot;:[8226],&quot;469777803&quot;:&quot;left&quot;,&quot;469777804&quot;:&quot;-&quot;,&quot;469777815&quot;:&quot;hybridMultilevel&quot;}\" aria-setsize=\"-1\" data-aria-posinset=\"63\" data-aria-level=\"1\"><span data-contrast=\"auto\">Provide your contact details (name, address, email and telephone number) and briefly describe the matter at hand.<\/span><span data-ccp-props=\"{&quot;134233117&quot;:false,&quot;134233118&quot;:false,&quot;201341983&quot;:0,&quot;335551550&quot;:6,&quot;335551620&quot;:6,&quot;335559738&quot;:0,&quot;335559739&quot;:0,&quot;335559740&quot;:259}\">\u00a0<\/span><\/li>\n<li data-leveltext=\"-\" data-font=\"Calibri\" data-listid=\"25\" data-list-defn-props=\"{&quot;335552541&quot;:1,&quot;335559683&quot;:0,&quot;335559684&quot;:-2,&quot;335559685&quot;:720,&quot;335559991&quot;:360,&quot;469769226&quot;:&quot;Calibri&quot;,&quot;469769242&quot;:[8226],&quot;469777803&quot;:&quot;left&quot;,&quot;469777804&quot;:&quot;-&quot;,&quot;469777815&quot;:&quot;hybridMultilevel&quot;}\" aria-setsize=\"-1\" data-aria-posinset=\"64\" data-aria-level=\"1\"><span data-contrast=\"auto\">You&#8217;ll receive a confirmation email containing a Microsoft Teams meeting link.<\/span><span data-ccp-props=\"{&quot;134233117&quot;:false,&quot;134233118&quot;:false,&quot;201341983&quot;:0,&quot;335551550&quot;:6,&quot;335551620&quot;:6,&quot;335559738&quot;:0,&quot;335559739&quot;:0,&quot;335559740&quot;:259}\">\u00a0<\/span><\/li>\n<\/ul>\n<p><span data-ccp-props=\"{&quot;201341983&quot;:0,&quot;335551550&quot;:6,&quot;335551620&quot;:6,&quot;335559739&quot;:160,&quot;335559740&quot;:259}\">\u00a0W<\/span><span data-contrast=\"auto\">e look forward to connecting with you!<\/span><span data-contrast=\"auto\">\u00a0 <\/span><span data-ccp-props=\"{&quot;201341983&quot;:0,&quot;335551550&quot;:6,&quot;335551620&quot;:6,&quot;335559739&quot;:160,&quot;335559740&quot;:259}\"><br \/><\/span><\/p>\n<\/div>\n<\/div>\n\n\n\n<div class=\"wp-block-columns online-disclaimer is-layout-flex wp-container-core-columns-is-layout-9d6595d7 wp-block-columns-is-layout-flex\">\n<div class=\"wp-block-column is-layout-flow wp-block-column-is-layout-flow\">\n<p><i><span data-contrast=\"auto\">Disclaimer<\/span><\/i><\/p>\n<p><span data-contrast=\"auto\">By scheduling an online consultation with us, you acknowledge and agree to the following:<\/span><span data-ccp-props=\"{&quot;201341983&quot;:0,&quot;335551550&quot;:6,&quot;335551620&quot;:6,&quot;335559739&quot;:160,&quot;335559740&quot;:259}\">\u00a0<\/span><\/p>\n<ul>\n<li data-leveltext=\"-\" data-font=\"Calibri\" data-listid=\"26\" data-list-defn-props=\"{&quot;335552541&quot;:1,&quot;335559683&quot;:0,&quot;335559684&quot;:-2,&quot;335559685&quot;:720,&quot;335559991&quot;:360,&quot;469769226&quot;:&quot;Calibri&quot;,&quot;469769242&quot;:[8226],&quot;469777803&quot;:&quot;left&quot;,&quot;469777804&quot;:&quot;-&quot;,&quot;469777815&quot;:&quot;hybridMultilevel&quot;}\" aria-setsize=\"-1\" data-aria-posinset=\"65\" data-aria-level=\"1\"><b><span data-contrast=\"auto\">Initial Information Session: <\/span><\/b><span data-contrast=\"auto\">The free 15-minute consultation is designed to provide preliminary information and assess the compatibility of our services with your legal needs. It does not constitute legal advice or establish attorney-client relationship.<\/span><span data-ccp-props=\"{&quot;201341983&quot;:0,&quot;335551550&quot;:6,&quot;335551620&quot;:6,&quot;335559739&quot;:160,&quot;335559740&quot;:259}\">\u00a0<\/span><\/li>\n<li data-leveltext=\"-\" data-font=\"Calibri\" data-listid=\"26\" data-list-defn-props=\"{&quot;335552541&quot;:1,&quot;335559683&quot;:0,&quot;335559684&quot;:-2,&quot;335559685&quot;:720,&quot;335559991&quot;:360,&quot;469769226&quot;:&quot;Calibri&quot;,&quot;469769242&quot;:[8226],&quot;469777803&quot;:&quot;left&quot;,&quot;469777804&quot;:&quot;-&quot;,&quot;469777815&quot;:&quot;hybridMultilevel&quot;}\" aria-setsize=\"-1\" data-aria-posinset=\"66\" data-aria-level=\"1\"><b><span data-contrast=\"auto\">One-Hour Online Consultation:<\/span><\/b><span data-contrast=\"auto\"> Our one-hour online legal consultation service is specifically designed for individuals and businesses seeking in-depth advice on legal issues. This service is aimed at those seeking detailed advice and a comprehensive understanding of legal matters.<\/span><span data-ccp-props=\"{&quot;201341983&quot;:0,&quot;335551550&quot;:6,&quot;335551620&quot;:6,&quot;335559739&quot;:160,&quot;335559740&quot;:259}\">\u00a0<\/span><\/li>\n<li data-leveltext=\"-\" data-font=\"Calibri\" data-listid=\"26\" data-list-defn-props=\"{&quot;335552541&quot;:1,&quot;335559683&quot;:0,&quot;335559684&quot;:-2,&quot;335559685&quot;:720,&quot;335559991&quot;:360,&quot;469769226&quot;:&quot;Calibri&quot;,&quot;469769242&quot;:[8226],&quot;469777803&quot;:&quot;left&quot;,&quot;469777804&quot;:&quot;-&quot;,&quot;469777815&quot;:&quot;hybridMultilevel&quot;}\" aria-setsize=\"-1\" data-aria-posinset=\"67\" data-aria-level=\"1\"><b><span data-contrast=\"auto\">Availability:<\/span><\/b><span data-contrast=\"auto\"> Consultations are subject to attorney availability, and we reserve the right to reschedule or cancel appointments in unforeseen circumstances.<\/span><span data-ccp-props=\"{&quot;201341983&quot;:0,&quot;335551550&quot;:6,&quot;335551620&quot;:6,&quot;335559739&quot;:160,&quot;335559740&quot;:259}\">\u00a0<\/span><\/li>\n<li data-leveltext=\"-\" data-font=\"Calibri\" data-listid=\"26\" data-list-defn-props=\"{&quot;335552541&quot;:1,&quot;335559683&quot;:0,&quot;335559684&quot;:-2,&quot;335559685&quot;:720,&quot;335559991&quot;:360,&quot;469769226&quot;:&quot;Calibri&quot;,&quot;469769242&quot;:[8226],&quot;469777803&quot;:&quot;left&quot;,&quot;469777804&quot;:&quot;-&quot;,&quot;469777815&quot;:&quot;hybridMultilevel&quot;}\" aria-setsize=\"-1\" data-aria-posinset=\"68\" data-aria-level=\"1\"><b><span data-contrast=\"auto\">Confidentiality: <\/span><\/b><span data-contrast=\"auto\">We take your privacy seriously, and all information shared during the consultation is protected by attorney-client privilege.<\/span><span data-ccp-props=\"{&quot;201341983&quot;:0,&quot;335551550&quot;:6,&quot;335551620&quot;:6,&quot;335559739&quot;:160,&quot;335559740&quot;:259}\">\u00a0<\/span><\/li>\n<li data-leveltext=\"-\" data-font=\"Calibri\" data-listid=\"26\" data-list-defn-props=\"{&quot;335552541&quot;:1,&quot;335559683&quot;:0,&quot;335559684&quot;:-2,&quot;335559685&quot;:720,&quot;335559991&quot;:360,&quot;469769226&quot;:&quot;Calibri&quot;,&quot;469769242&quot;:[8226],&quot;469777803&quot;:&quot;left&quot;,&quot;469777804&quot;:&quot;-&quot;,&quot;469777815&quot;:&quot;hybridMultilevel&quot;}\" aria-setsize=\"-1\" data-aria-posinset=\"69\" data-aria-level=\"1\"><b><span data-contrast=\"auto\">Payment:<\/span><\/b><span data-contrast=\"auto\"> After the one-hour legal online consultation has concluded, you will receive an invoice via email in accordance with the highlighted fee.<\/span><span data-ccp-props=\"{&quot;201341983&quot;:0,&quot;335551550&quot;:6,&quot;335551620&quot;:6,&quot;335559739&quot;:160,&quot;335559740&quot;:259}\">\u00a0<\/span><\/li>\n<li data-leveltext=\"-\" data-font=\"Calibri\" data-listid=\"26\" data-list-defn-props=\"{&quot;335552541&quot;:1,&quot;335559683&quot;:0,&quot;335559684&quot;:-2,&quot;335559685&quot;:720,&quot;335559991&quot;:360,&quot;469769226&quot;:&quot;Calibri&quot;,&quot;469769242&quot;:[8226],&quot;469777803&quot;:&quot;left&quot;,&quot;469777804&quot;:&quot;-&quot;,&quot;469777815&quot;:&quot;hybridMultilevel&quot;}\" aria-setsize=\"-1\" data-aria-posinset=\"70\" data-aria-level=\"1\"><b><span data-contrast=\"auto\">Responsibility:<\/span><\/b><span data-contrast=\"auto\"> You are responsible for ensuring your internet connection and devices are functional and secure for the online consultation. <\/span><span data-ccp-props=\"{&quot;201341983&quot;:0,&quot;335551550&quot;:6,&quot;335551620&quot;:6,&quot;335559739&quot;:160,&quot;335559740&quot;:259}\">\u00a0<\/span><\/li>\n<\/ul>\n<\/div>\n<\/div>\n\n\n\n<div class=\"wp-block-columns is-layout-flex wp-container-core-columns-is-layout-9d6595d7 wp-block-columns-is-layout-flex\">\n<div class=\"wp-block-column is-layout-flow wp-block-column-is-layout-flow\">\n<iframe loading=\"lazy\" src=\"https:\/\/outlook.office365.com\/owa\/calendar\/Zakazivanje_test1@vraneseviclaw.com\/bookings\/\" width=\"100%\" height=\"1600px\" scrolling=\"yes\" style=\"border:0\"><\/iframe>\n<\/div>\n<\/div>\n","protected":false},"excerpt":{"rendered":"<p>Book a Consultation Seeking Legal Guidance or Considering Hiring an Attorney?\u00a0 We&#8217;ve simplified the process of connecting with us\u00a0for a consultation, all from the convenience of your home or office. Our Online Consultation Services offer two distinct options:\u00a0 Complimentary 15-Minute Consultation: Explore the possibility of working with us by scheduling<\/p>\n","protected":false},"author":1,"featured_media":339,"parent":0,"menu_order":0,"comment_status":"closed","ping_status":"closed","template":"","meta":{"_acf_changed":false,"footnotes":""},"class_list":["post-259","page","type-page","status-publish","has-post-thumbnail","hentry"],"acf":[],"yoast_head":"<!-- This site is optimized with the Yoast SEO plugin v27.4 - https:\/\/yoast.com\/product\/yoast-seo-wordpress\/ -->\n<title>Online Consultation - Law firm Vranesevic Grbic Belgrade<\/title>\n<meta name=\"description\" content=\"Law office Belgrade Lucija Vrane\u0161evi\u0107 - legal services in: criminal, immigration, contractual, IT, corporate and commercial law.\" \/>\n<meta name=\"robots\" content=\"index, follow, max-snippet:-1, max-image-preview:large, max-video-preview:-1\" \/>\n<link rel=\"canonical\" href=\"https:\/\/vraneseviclaw.com\/en\/online-consultation\/\" \/>\n<meta property=\"og:locale\" content=\"en_US\" \/>\n<meta property=\"og:type\" content=\"article\" \/>\n<meta property=\"og:title\" content=\"Online Consultation - Law firm Vranesevic Grbic Belgrade\" \/>\n<meta property=\"og:description\" content=\"Law office Belgrade Lucija Vrane\u0161evi\u0107 - legal services in: criminal, immigration, contractual, IT, corporate and commercial law.\" \/>\n<meta property=\"og:url\" content=\"https:\/\/vraneseviclaw.com\/en\/online-consultation\/\" \/>\n<meta property=\"og:site_name\" content=\"Law firm Vranesevic Grbic Belgrade\" \/>\n<meta property=\"article:modified_time\" content=\"2023-12-19T19:08:00+00:00\" \/>\n<meta property=\"og:image\" content=\"https:\/\/vraneseviclaw.com\/wp-content\/uploads\/2023\/11\/online-konsultacije.jpg\" \/>\n\t<meta property=\"og:image:width\" content=\"750\" \/>\n\t<meta property=\"og:image:height\" content=\"350\" \/>\n\t<meta property=\"og:image:type\" content=\"image\/jpeg\" \/>\n<meta name=\"twitter:card\" content=\"summary_large_image\" \/>\n<meta name=\"twitter:label1\" content=\"Est. reading time\" \/>\n\t<meta name=\"twitter:data1\" content=\"2 minutes\" \/>\n<script type=\"application\/ld+json\" class=\"yoast-schema-graph\">{\"@context\":\"https:\\\/\\\/schema.org\",\"@graph\":[{\"@type\":\"WebPage\",\"@id\":\"https:\\\/\\\/vraneseviclaw.com\\\/en\\\/online-consultation\\\/\",\"url\":\"https:\\\/\\\/vraneseviclaw.com\\\/en\\\/online-consultation\\\/\",\"name\":\"Online Consultation - Law firm Vranesevic Grbic Belgrade\",\"isPartOf\":{\"@id\":\"https:\\\/\\\/vraneseviclaw.com\\\/#website\"},\"primaryImageOfPage\":{\"@id\":\"https:\\\/\\\/vraneseviclaw.com\\\/en\\\/online-consultation\\\/#primaryimage\"},\"image\":{\"@id\":\"https:\\\/\\\/vraneseviclaw.com\\\/en\\\/online-consultation\\\/#primaryimage\"},\"thumbnailUrl\":\"https:\\\/\\\/vraneseviclaw.com\\\/wp-content\\\/uploads\\\/2023\\\/11\\\/online-konsultacije.jpg\",\"datePublished\":\"2023-11-07T19:19:13+00:00\",\"dateModified\":\"2023-12-19T19:08:00+00:00\",\"description\":\"Law office Belgrade Lucija Vrane\u0161evi\u0107 - legal services in: criminal, immigration, contractual, IT, corporate and commercial law.\",\"breadcrumb\":{\"@id\":\"https:\\\/\\\/vraneseviclaw.com\\\/en\\\/online-consultation\\\/#breadcrumb\"},\"inLanguage\":\"en-US\",\"potentialAction\":[{\"@type\":\"ReadAction\",\"target\":[\"https:\\\/\\\/vraneseviclaw.com\\\/en\\\/online-consultation\\\/\"]}]},{\"@type\":\"ImageObject\",\"inLanguage\":\"en-US\",\"@id\":\"https:\\\/\\\/vraneseviclaw.com\\\/en\\\/online-consultation\\\/#primaryimage\",\"url\":\"https:\\\/\\\/vraneseviclaw.com\\\/wp-content\\\/uploads\\\/2023\\\/11\\\/online-konsultacije.jpg\",\"contentUrl\":\"https:\\\/\\\/vraneseviclaw.com\\\/wp-content\\\/uploads\\\/2023\\\/11\\\/online-konsultacije.jpg\",\"width\":750,\"height\":350,\"caption\":\"Advokat Lucija Vrane\u0161evi\u0107 Grbi\u0107 Beograd - Imigraciono pravo\"},{\"@type\":\"BreadcrumbList\",\"@id\":\"https:\\\/\\\/vraneseviclaw.com\\\/en\\\/online-consultation\\\/#breadcrumb\",\"itemListElement\":[{\"@type\":\"ListItem\",\"position\":1,\"name\":\"Po\u010detna\",\"item\":\"https:\\\/\\\/vraneseviclaw.com\\\/en\\\/\"},{\"@type\":\"ListItem\",\"position\":2,\"name\":\"Online Consultation\"}]},{\"@type\":\"WebSite\",\"@id\":\"https:\\\/\\\/vraneseviclaw.com\\\/#website\",\"url\":\"https:\\\/\\\/vraneseviclaw.com\\\/\",\"name\":\"Advokatska kancelarija Vrane\u0161evi\u0107 Grbi\u0107 Beograd\",\"description\":\"Law firm Vranesevic Grbic Belgrade\",\"publisher\":{\"@id\":\"https:\\\/\\\/vraneseviclaw.com\\\/#organization\"},\"alternateName\":\"Advokatska kancelarija Vrane\u0161evi\u0107 Grbi\u0107 Beograd\",\"potentialAction\":[{\"@type\":\"SearchAction\",\"target\":{\"@type\":\"EntryPoint\",\"urlTemplate\":\"https:\\\/\\\/vraneseviclaw.com\\\/?s={search_term_string}\"},\"query-input\":{\"@type\":\"PropertyValueSpecification\",\"valueRequired\":true,\"valueName\":\"search_term_string\"}}],\"inLanguage\":\"en-US\"},{\"@type\":\"Organization\",\"@id\":\"https:\\\/\\\/vraneseviclaw.com\\\/#organization\",\"name\":\"Advokatska kancelarija Vrane\u0161evi\u0107 Grbi\u0107 Beograd\",\"alternateName\":\"Advokatska kancelarija Vrane\u0161evi\u0107 Grbi\u0107 Beograd\",\"url\":\"https:\\\/\\\/vraneseviclaw.com\\\/\",\"logo\":{\"@type\":\"ImageObject\",\"inLanguage\":\"en-US\",\"@id\":\"https:\\\/\\\/vraneseviclaw.com\\\/#\\\/schema\\\/logo\\\/image\\\/\",\"url\":\"https:\\\/\\\/vraneseviclaw.com\\\/wp-content\\\/uploads\\\/2023\\\/12\\\/advokat-beograd-lucija-vranesevic.jpg\",\"contentUrl\":\"https:\\\/\\\/vraneseviclaw.com\\\/wp-content\\\/uploads\\\/2023\\\/12\\\/advokat-beograd-lucija-vranesevic.jpg\",\"width\":696,\"height\":696,\"caption\":\"Advokatska kancelarija Vrane\u0161evi\u0107 Grbi\u0107 Beograd\"},\"image\":{\"@id\":\"https:\\\/\\\/vraneseviclaw.com\\\/#\\\/schema\\\/logo\\\/image\\\/\"},\"sameAs\":[\"https:\\\/\\\/www.linkedin.com\\\/company\\\/vraneevi-law\\\/\"]}]}<\/script>\n<!-- \/ Yoast SEO plugin. -->","yoast_head_json":{"title":"Online Consultation - Law firm Vranesevic Grbic Belgrade","description":"Law office Belgrade Lucija Vrane\u0161evi\u0107 - legal services in: criminal, immigration, contractual, IT, corporate and commercial law.","robots":{"index":"index","follow":"follow","max-snippet":"max-snippet:-1","max-image-preview":"max-image-preview:large","max-video-preview":"max-video-preview:-1"},"canonical":"https:\/\/vraneseviclaw.com\/en\/online-consultation\/","og_locale":"en_US","og_type":"article","og_title":"Online Consultation - Law firm Vranesevic Grbic Belgrade","og_description":"Law office Belgrade Lucija Vrane\u0161evi\u0107 - legal services in: criminal, immigration, contractual, IT, corporate and commercial law.","og_url":"https:\/\/vraneseviclaw.com\/en\/online-consultation\/","og_site_name":"Law firm Vranesevic Grbic Belgrade","article_modified_time":"2023-12-19T19:08:00+00:00","og_image":[{"width":750,"height":350,"url":"https:\/\/vraneseviclaw.com\/wp-content\/uploads\/2023\/11\/online-konsultacije.jpg","type":"image\/jpeg"}],"twitter_card":"summary_large_image","twitter_misc":{"Est. reading time":"2 minutes"},"schema":{"@context":"https:\/\/schema.org","@graph":[{"@type":"WebPage","@id":"https:\/\/vraneseviclaw.com\/en\/online-consultation\/","url":"https:\/\/vraneseviclaw.com\/en\/online-consultation\/","name":"Online Consultation - Law firm Vranesevic Grbic Belgrade","isPartOf":{"@id":"https:\/\/vraneseviclaw.com\/#website"},"primaryImageOfPage":{"@id":"https:\/\/vraneseviclaw.com\/en\/online-consultation\/#primaryimage"},"image":{"@id":"https:\/\/vraneseviclaw.com\/en\/online-consultation\/#primaryimage"},"thumbnailUrl":"https:\/\/vraneseviclaw.com\/wp-content\/uploads\/2023\/11\/online-konsultacije.jpg","datePublished":"2023-11-07T19:19:13+00:00","dateModified":"2023-12-19T19:08:00+00:00","description":"Law office Belgrade Lucija Vrane\u0161evi\u0107 - legal services in: criminal, immigration, contractual, IT, corporate and commercial law.","breadcrumb":{"@id":"https:\/\/vraneseviclaw.com\/en\/online-consultation\/#breadcrumb"},"inLanguage":"en-US","potentialAction":[{"@type":"ReadAction","target":["https:\/\/vraneseviclaw.com\/en\/online-consultation\/"]}]},{"@type":"ImageObject","inLanguage":"en-US","@id":"https:\/\/vraneseviclaw.com\/en\/online-consultation\/#primaryimage","url":"https:\/\/vraneseviclaw.com\/wp-content\/uploads\/2023\/11\/online-konsultacije.jpg","contentUrl":"https:\/\/vraneseviclaw.com\/wp-content\/uploads\/2023\/11\/online-konsultacije.jpg","width":750,"height":350,"caption":"Advokat Lucija Vrane\u0161evi\u0107 Grbi\u0107 Beograd - Imigraciono pravo"},{"@type":"BreadcrumbList","@id":"https:\/\/vraneseviclaw.com\/en\/online-consultation\/#breadcrumb","itemListElement":[{"@type":"ListItem","position":1,"name":"Po\u010detna","item":"https:\/\/vraneseviclaw.com\/en\/"},{"@type":"ListItem","position":2,"name":"Online Consultation"}]},{"@type":"WebSite","@id":"https:\/\/vraneseviclaw.com\/#website","url":"https:\/\/vraneseviclaw.com\/","name":"Advokatska kancelarija Vrane\u0161evi\u0107 Grbi\u0107 Beograd","description":"Law firm Vranesevic Grbic Belgrade","publisher":{"@id":"https:\/\/vraneseviclaw.com\/#organization"},"alternateName":"Advokatska kancelarija Vrane\u0161evi\u0107 Grbi\u0107 Beograd","potentialAction":[{"@type":"SearchAction","target":{"@type":"EntryPoint","urlTemplate":"https:\/\/vraneseviclaw.com\/?s={search_term_string}"},"query-input":{"@type":"PropertyValueSpecification","valueRequired":true,"valueName":"search_term_string"}}],"inLanguage":"en-US"},{"@type":"Organization","@id":"https:\/\/vraneseviclaw.com\/#organization","name":"Advokatska kancelarija Vrane\u0161evi\u0107 Grbi\u0107 Beograd","alternateName":"Advokatska kancelarija Vrane\u0161evi\u0107 Grbi\u0107 Beograd","url":"https:\/\/vraneseviclaw.com\/","logo":{"@type":"ImageObject","inLanguage":"en-US","@id":"https:\/\/vraneseviclaw.com\/#\/schema\/logo\/image\/","url":"https:\/\/vraneseviclaw.com\/wp-content\/uploads\/2023\/12\/advokat-beograd-lucija-vranesevic.jpg","contentUrl":"https:\/\/vraneseviclaw.com\/wp-content\/uploads\/2023\/12\/advokat-beograd-lucija-vranesevic.jpg","width":696,"height":696,"caption":"Advokatska kancelarija Vrane\u0161evi\u0107 Grbi\u0107 Beograd"},"image":{"@id":"https:\/\/vraneseviclaw.com\/#\/schema\/logo\/image\/"},"sameAs":["https:\/\/www.linkedin.com\/company\/vraneevi-law\/"]}]}},"_links":{"self":[{"href":"https:\/\/vraneseviclaw.com\/en\/wp-json\/wp\/v2\/pages\/259","targetHints":{"allow":["GET"]}}],"collection":[{"href":"https:\/\/vraneseviclaw.com\/en\/wp-json\/wp\/v2\/pages"}],"about":[{"href":"https:\/\/vraneseviclaw.com\/en\/wp-json\/wp\/v2\/types\/page"}],"author":[{"embeddable":true,"href":"https:\/\/vraneseviclaw.com\/en\/wp-json\/wp\/v2\/users\/1"}],"replies":[{"embeddable":true,"href":"https:\/\/vraneseviclaw.com\/en\/wp-json\/wp\/v2\/comments?post=259"}],"version-history":[{"count":5,"href":"https:\/\/vraneseviclaw.com\/en\/wp-json\/wp\/v2\/pages\/259\/revisions"}],"predecessor-version":[{"id":415,"href":"https:\/\/vraneseviclaw.com\/en\/wp-json\/wp\/v2\/pages\/259\/revisions\/415"}],"wp:featuredmedia":[{"embeddable":true,"href":"https:\/\/vraneseviclaw.com\/en\/wp-json\/wp\/v2\/media\/339"}],"wp:attachment":[{"href":"https:\/\/vraneseviclaw.com\/en\/wp-json\/wp\/v2\/media?parent=259"}],"curies":[{"name":"wp","href":"https:\/\/api.w.org\/{rel}","templated":true}]}}