{"id":390,"date":"2023-10-31T17:16:37","date_gmt":"2023-10-31T16:16:37","guid":{"rendered":"http:\/\/atecwebdev.com\/vraneseviclaw\/uslovi-koriscenja-veb-sajta\/"},"modified":"2023-12-19T20:09:48","modified_gmt":"2023-12-19T19:09:48","slug":"terms-of-use","status":"publish","type":"page","link":"https:\/\/vraneseviclaw.com\/en\/terms-of-use\/","title":{"rendered":"Terms of Use"},"content":{"rendered":"\n<div class=\"wp-block-columns privacy-page is-layout-flex wp-container-core-columns-is-layout-9d6595d7 wp-block-columns-is-layout-flex\">\n<div class=\"wp-block-column is-layout-flow wp-block-column-is-layout-flow\">\n<p><span data-contrast=\"none\">Welcome to <\/span><a href=\"http:\/\/www.vraneseviclaw.com\/\"><span data-contrast=\"none\">www.vraneseviclaw.com<\/span><\/a><span data-contrast=\"none\">!<\/span><span data-ccp-props=\"{&quot;134233117&quot;:false,&quot;134233118&quot;:false,&quot;134245418&quot;:false,&quot;134245529&quot;:false,&quot;201341983&quot;:0,&quot;335551550&quot;:6,&quot;335551620&quot;:6,&quot;335559738&quot;:0,&quot;335559739&quot;:0,&quot;335559740&quot;:360}\">\u00a0<\/span><\/p>\n<p><span data-contrast=\"none\">This site is owned by the attorney at law, Lucija Vrane\u0161evi\u0107 Grbi\u0107 from Belgrade, Serbia.<\/span><span data-ccp-props=\"{&quot;134233117&quot;:false,&quot;134233118&quot;:false,&quot;134245418&quot;:false,&quot;134245529&quot;:false,&quot;201341983&quot;:0,&quot;335551550&quot;:6,&quot;335551620&quot;:6,&quot;335559738&quot;:0,&quot;335559739&quot;:0,&quot;335559740&quot;:360}\">\u00a0<\/span><\/p>\n<p><span data-contrast=\"none\">Nothing in the content of this website is created with the aim to advertise or advise clients, yet to provide basic information of the Law Office \u2018Vrane\u0161evi\u0107 Law\u2019.<\/span><span data-ccp-props=\"{&quot;134233117&quot;:false,&quot;134233118&quot;:false,&quot;134245418&quot;:false,&quot;134245529&quot;:false,&quot;201341983&quot;:0,&quot;335551550&quot;:6,&quot;335551620&quot;:6,&quot;335559738&quot;:0,&quot;335559739&quot;:0,&quot;335559740&quot;:360}\">\u00a0<\/span><\/p>\n<p><span data-contrast=\"none\">These Terms of Use together with the Privacy Policy constitute the Agreement applicable to you. By accessing or using the above-mentioned website, you are legally bound by this Agreement. You are cautioned to review these Terms of Use and the Privacy Policy. You are cautioned to review these Terms of Use and the Privacy Policy.<\/span><span data-ccp-props=\"{&quot;134233117&quot;:false,&quot;134233118&quot;:false,&quot;134245418&quot;:false,&quot;134245529&quot;:false,&quot;201341983&quot;:0,&quot;335551550&quot;:6,&quot;335551620&quot;:6,&quot;335559738&quot;:0,&quot;335559739&quot;:0,&quot;335559740&quot;:360}\">\u00a0<\/span><\/p>\n<p><span data-contrast=\"none\">Law Office \u2018Vrane\u0161evi\u0107 Law\u2019 reserves the right to update these Terms of Use and the Privacy Policy at any time. Any changes will take effect after they are published on the website.<\/span><span data-ccp-props=\"{&quot;134233117&quot;:false,&quot;134233118&quot;:false,&quot;134245418&quot;:false,&quot;134245529&quot;:false,&quot;201341983&quot;:0,&quot;335551550&quot;:6,&quot;335551620&quot;:6,&quot;335559738&quot;:0,&quot;335559739&quot;:0,&quot;335559740&quot;:360}\">\u00a0<\/span><\/p>\n<p><span data-contrast=\"none\">All materials on the website are protected by our intellectual property rights.<\/span><span data-ccp-props=\"{&quot;134233117&quot;:false,&quot;134233118&quot;:false,&quot;134245418&quot;:false,&quot;134245529&quot;:false,&quot;201341983&quot;:0,&quot;335551550&quot;:6,&quot;335551620&quot;:6,&quot;335559738&quot;:0,&quot;335559739&quot;:0,&quot;335559740&quot;:360}\">\u00a0<\/span><\/p>\n<p><span data-ccp-props=\"{&quot;134233117&quot;:false,&quot;134233118&quot;:false,&quot;134245418&quot;:false,&quot;134245529&quot;:false,&quot;201341983&quot;:0,&quot;335551550&quot;:6,&quot;335551620&quot;:6,&quot;335559738&quot;:0,&quot;335559739&quot;:0,&quot;335559740&quot;:360}\">\u00a0<\/span><\/p>\n<p><b><span data-contrast=\"none\">Disclaimer<\/span><\/b><span data-ccp-props=\"{&quot;134233117&quot;:false,&quot;134233118&quot;:false,&quot;134245418&quot;:false,&quot;134245529&quot;:false,&quot;201341983&quot;:0,&quot;335551550&quot;:6,&quot;335551620&quot;:6,&quot;335559738&quot;:0,&quot;335559739&quot;:0,&quot;335559740&quot;:360}\">\u00a0<\/span><\/p>\n<p><span data-contrast=\"none\">This website is intended for individuals who are interested in learning more about the Law Office \u2018Vrane\u0161evi\u0107 Law\u2019 (hereinafter: \u2018the Law Office\u2019).<\/span><span data-ccp-props=\"{&quot;134245418&quot;:false,&quot;134245529&quot;:false,&quot;201341983&quot;:0,&quot;335551550&quot;:6,&quot;335551620&quot;:6,&quot;335559739&quot;:160,&quot;335559740&quot;:360}\">\u00a0<\/span><\/p>\n<p><span data-contrast=\"none\">This website is not intended to advertise the Law Office Vrane\u0161evi\u0107 Law. Nothing in the content of this website is created with the intention to solicit clients or advertise services and should not be construed as such.<\/span><span data-ccp-props=\"{&quot;134233117&quot;:false,&quot;134233118&quot;:false,&quot;134245418&quot;:false,&quot;134245529&quot;:false,&quot;201341983&quot;:0,&quot;335551550&quot;:6,&quot;335551620&quot;:6,&quot;335559738&quot;:0,&quot;335559739&quot;:0,&quot;335559740&quot;:360}\">\u00a0<\/span><\/p>\n<p><span data-contrast=\"none\">The website may contain certain information that may be inaccurate or incomplete since relevant legislation may have changed in time.<\/span><span data-ccp-props=\"{&quot;134233117&quot;:false,&quot;134233118&quot;:false,&quot;134245418&quot;:false,&quot;134245529&quot;:false,&quot;201341983&quot;:0,&quot;335551550&quot;:6,&quot;335551620&quot;:6,&quot;335559738&quot;:0,&quot;335559739&quot;:0,&quot;335559740&quot;:360}\">\u00a0<\/span><\/p>\n<p><span data-ccp-props=\"{&quot;134233117&quot;:false,&quot;201341983&quot;:0,&quot;335551550&quot;:6,&quot;335551620&quot;:6,&quot;335559738&quot;:0,&quot;335559739&quot;:160,&quot;335559740&quot;:360}\">\u00a0<\/span><\/p>\n<p><span data-contrast=\"none\">In Belgrade, 20 November 2023<\/span><span data-ccp-props=\"{&quot;134233117&quot;:false,&quot;201341983&quot;:0,&quot;335551550&quot;:6,&quot;335551620&quot;:6,&quot;335559738&quot;:0,&quot;335559739&quot;:160,&quot;335559740&quot;:360}\">\u00a0<\/span><\/p>\n<p>\u00a0<\/p>\n<\/div>\n<\/div>\n","protected":false},"excerpt":{"rendered":"<p>Welcome to www.vraneseviclaw.com!\u00a0 This site is owned by the attorney at law, Lucija Vrane\u0161evi\u0107 Grbi\u0107 from Belgrade, Serbia.\u00a0 Nothing in the content of this website is created with the aim to advertise or advise clients, yet to provide basic information of the Law Office \u2018Vrane\u0161evi\u0107 Law\u2019.\u00a0 These Terms of Use<\/p>\n","protected":false},"author":1,"featured_media":0,"parent":0,"menu_order":0,"comment_status":"closed","ping_status":"closed","template":"","meta":{"_acf_changed":false,"footnotes":""},"class_list":["post-390","page","type-page","status-publish","hentry"],"acf":[],"yoast_head":"<!-- This site is optimized with the Yoast SEO plugin v27.4 - https:\/\/yoast.com\/product\/yoast-seo-wordpress\/ -->\n<title>Terms of Use - Law firm Vranesevic Grbic Belgrade<\/title>\n<meta name=\"description\" content=\"Law office Belgrade Lucija Vrane\u0161evi\u0107 - legal services in: criminal, immigration, contractual, IT, corporate and commercial law.\" \/>\n<meta name=\"robots\" content=\"index, follow, max-snippet:-1, max-image-preview:large, max-video-preview:-1\" \/>\n<link rel=\"canonical\" href=\"https:\/\/vraneseviclaw.com\/en\/terms-of-use\/\" \/>\n<meta property=\"og:locale\" content=\"en_US\" \/>\n<meta property=\"og:type\" content=\"article\" \/>\n<meta property=\"og:title\" content=\"Terms of Use - Law firm Vranesevic Grbic Belgrade\" \/>\n<meta property=\"og:description\" content=\"Law office Belgrade Lucija Vrane\u0161evi\u0107 - legal services in: criminal, immigration, contractual, IT, corporate and commercial law.\" \/>\n<meta property=\"og:url\" content=\"https:\/\/vraneseviclaw.com\/en\/terms-of-use\/\" \/>\n<meta property=\"og:site_name\" content=\"Law firm Vranesevic Grbic Belgrade\" \/>\n<meta property=\"article:modified_time\" content=\"2023-12-19T19:09:48+00:00\" \/>\n<meta property=\"og:image\" content=\"https:\/\/vraneseviclaw.com\/wp-content\/uploads\/2023\/12\/advokat-lucija-vranesevic-beograd.jpg\" \/>\n\t<meta property=\"og:image:width\" content=\"1200\" \/>\n\t<meta property=\"og:image:height\" content=\"675\" \/>\n\t<meta property=\"og:image:type\" content=\"image\/jpeg\" \/>\n<meta name=\"twitter:card\" content=\"summary_large_image\" \/>\n<meta name=\"twitter:label1\" content=\"Est. reading time\" \/>\n\t<meta name=\"twitter:data1\" content=\"2 minutes\" \/>\n<script type=\"application\/ld+json\" class=\"yoast-schema-graph\">{\"@context\":\"https:\\\/\\\/schema.org\",\"@graph\":[{\"@type\":\"WebPage\",\"@id\":\"https:\\\/\\\/vraneseviclaw.com\\\/en\\\/terms-of-use\\\/\",\"url\":\"https:\\\/\\\/vraneseviclaw.com\\\/en\\\/terms-of-use\\\/\",\"name\":\"Terms of Use - Law firm Vranesevic Grbic Belgrade\",\"isPartOf\":{\"@id\":\"https:\\\/\\\/vraneseviclaw.com\\\/#website\"},\"datePublished\":\"2023-10-31T16:16:37+00:00\",\"dateModified\":\"2023-12-19T19:09:48+00:00\",\"description\":\"Law office Belgrade Lucija Vrane\u0161evi\u0107 - legal services in: criminal, immigration, contractual, IT, corporate and commercial law.\",\"breadcrumb\":{\"@id\":\"https:\\\/\\\/vraneseviclaw.com\\\/en\\\/terms-of-use\\\/#breadcrumb\"},\"inLanguage\":\"en-US\",\"potentialAction\":[{\"@type\":\"ReadAction\",\"target\":[\"https:\\\/\\\/vraneseviclaw.com\\\/en\\\/terms-of-use\\\/\"]}]},{\"@type\":\"BreadcrumbList\",\"@id\":\"https:\\\/\\\/vraneseviclaw.com\\\/en\\\/terms-of-use\\\/#breadcrumb\",\"itemListElement\":[{\"@type\":\"ListItem\",\"position\":1,\"name\":\"Po\u010detna\",\"item\":\"https:\\\/\\\/vraneseviclaw.com\\\/en\\\/\"},{\"@type\":\"ListItem\",\"position\":2,\"name\":\"Terms of Use\"}]},{\"@type\":\"WebSite\",\"@id\":\"https:\\\/\\\/vraneseviclaw.com\\\/#website\",\"url\":\"https:\\\/\\\/vraneseviclaw.com\\\/\",\"name\":\"Advokatska kancelarija Vrane\u0161evi\u0107 Grbi\u0107 Beograd\",\"description\":\"Law firm Vranesevic Grbic Belgrade\",\"publisher\":{\"@id\":\"https:\\\/\\\/vraneseviclaw.com\\\/#organization\"},\"alternateName\":\"Advokatska kancelarija Vrane\u0161evi\u0107 Grbi\u0107 Beograd\",\"potentialAction\":[{\"@type\":\"SearchAction\",\"target\":{\"@type\":\"EntryPoint\",\"urlTemplate\":\"https:\\\/\\\/vraneseviclaw.com\\\/?s={search_term_string}\"},\"query-input\":{\"@type\":\"PropertyValueSpecification\",\"valueRequired\":true,\"valueName\":\"search_term_string\"}}],\"inLanguage\":\"en-US\"},{\"@type\":\"Organization\",\"@id\":\"https:\\\/\\\/vraneseviclaw.com\\\/#organization\",\"name\":\"Advokatska kancelarija Vrane\u0161evi\u0107 Grbi\u0107 Beograd\",\"alternateName\":\"Advokatska kancelarija Vrane\u0161evi\u0107 Grbi\u0107 Beograd\",\"url\":\"https:\\\/\\\/vraneseviclaw.com\\\/\",\"logo\":{\"@type\":\"ImageObject\",\"inLanguage\":\"en-US\",\"@id\":\"https:\\\/\\\/vraneseviclaw.com\\\/#\\\/schema\\\/logo\\\/image\\\/\",\"url\":\"https:\\\/\\\/vraneseviclaw.com\\\/wp-content\\\/uploads\\\/2023\\\/12\\\/advokat-beograd-lucija-vranesevic.jpg\",\"contentUrl\":\"https:\\\/\\\/vraneseviclaw.com\\\/wp-content\\\/uploads\\\/2023\\\/12\\\/advokat-beograd-lucija-vranesevic.jpg\",\"width\":696,\"height\":696,\"caption\":\"Advokatska kancelarija Vrane\u0161evi\u0107 Grbi\u0107 Beograd\"},\"image\":{\"@id\":\"https:\\\/\\\/vraneseviclaw.com\\\/#\\\/schema\\\/logo\\\/image\\\/\"},\"sameAs\":[\"https:\\\/\\\/www.linkedin.com\\\/company\\\/vraneevi-law\\\/\"]}]}<\/script>\n<!-- \/ Yoast SEO plugin. -->","yoast_head_json":{"title":"Terms of Use - Law firm Vranesevic Grbic Belgrade","description":"Law office Belgrade Lucija Vrane\u0161evi\u0107 - legal services in: criminal, immigration, contractual, IT, corporate and commercial law.","robots":{"index":"index","follow":"follow","max-snippet":"max-snippet:-1","max-image-preview":"max-image-preview:large","max-video-preview":"max-video-preview:-1"},"canonical":"https:\/\/vraneseviclaw.com\/en\/terms-of-use\/","og_locale":"en_US","og_type":"article","og_title":"Terms of Use - Law firm Vranesevic Grbic Belgrade","og_description":"Law office Belgrade Lucija Vrane\u0161evi\u0107 - legal services in: criminal, immigration, contractual, IT, corporate and commercial law.","og_url":"https:\/\/vraneseviclaw.com\/en\/terms-of-use\/","og_site_name":"Law firm Vranesevic Grbic Belgrade","article_modified_time":"2023-12-19T19:09:48+00:00","og_image":[{"width":1200,"height":675,"url":"https:\/\/vraneseviclaw.com\/wp-content\/uploads\/2023\/12\/advokat-lucija-vranesevic-beograd.jpg","type":"image\/jpeg"}],"twitter_card":"summary_large_image","twitter_misc":{"Est. reading time":"2 minutes"},"schema":{"@context":"https:\/\/schema.org","@graph":[{"@type":"WebPage","@id":"https:\/\/vraneseviclaw.com\/en\/terms-of-use\/","url":"https:\/\/vraneseviclaw.com\/en\/terms-of-use\/","name":"Terms of Use - Law firm Vranesevic Grbic Belgrade","isPartOf":{"@id":"https:\/\/vraneseviclaw.com\/#website"},"datePublished":"2023-10-31T16:16:37+00:00","dateModified":"2023-12-19T19:09:48+00:00","description":"Law office Belgrade Lucija Vrane\u0161evi\u0107 - legal services in: criminal, immigration, contractual, IT, corporate and commercial law.","breadcrumb":{"@id":"https:\/\/vraneseviclaw.com\/en\/terms-of-use\/#breadcrumb"},"inLanguage":"en-US","potentialAction":[{"@type":"ReadAction","target":["https:\/\/vraneseviclaw.com\/en\/terms-of-use\/"]}]},{"@type":"BreadcrumbList","@id":"https:\/\/vraneseviclaw.com\/en\/terms-of-use\/#breadcrumb","itemListElement":[{"@type":"ListItem","position":1,"name":"Po\u010detna","item":"https:\/\/vraneseviclaw.com\/en\/"},{"@type":"ListItem","position":2,"name":"Terms of Use"}]},{"@type":"WebSite","@id":"https:\/\/vraneseviclaw.com\/#website","url":"https:\/\/vraneseviclaw.com\/","name":"Advokatska kancelarija Vrane\u0161evi\u0107 Grbi\u0107 Beograd","description":"Law firm Vranesevic Grbic Belgrade","publisher":{"@id":"https:\/\/vraneseviclaw.com\/#organization"},"alternateName":"Advokatska kancelarija Vrane\u0161evi\u0107 Grbi\u0107 Beograd","potentialAction":[{"@type":"SearchAction","target":{"@type":"EntryPoint","urlTemplate":"https:\/\/vraneseviclaw.com\/?s={search_term_string}"},"query-input":{"@type":"PropertyValueSpecification","valueRequired":true,"valueName":"search_term_string"}}],"inLanguage":"en-US"},{"@type":"Organization","@id":"https:\/\/vraneseviclaw.com\/#organization","name":"Advokatska kancelarija Vrane\u0161evi\u0107 Grbi\u0107 Beograd","alternateName":"Advokatska kancelarija Vrane\u0161evi\u0107 Grbi\u0107 Beograd","url":"https:\/\/vraneseviclaw.com\/","logo":{"@type":"ImageObject","inLanguage":"en-US","@id":"https:\/\/vraneseviclaw.com\/#\/schema\/logo\/image\/","url":"https:\/\/vraneseviclaw.com\/wp-content\/uploads\/2023\/12\/advokat-beograd-lucija-vranesevic.jpg","contentUrl":"https:\/\/vraneseviclaw.com\/wp-content\/uploads\/2023\/12\/advokat-beograd-lucija-vranesevic.jpg","width":696,"height":696,"caption":"Advokatska kancelarija Vrane\u0161evi\u0107 Grbi\u0107 Beograd"},"image":{"@id":"https:\/\/vraneseviclaw.com\/#\/schema\/logo\/image\/"},"sameAs":["https:\/\/www.linkedin.com\/company\/vraneevi-law\/"]}]}},"_links":{"self":[{"href":"https:\/\/vraneseviclaw.com\/en\/wp-json\/wp\/v2\/pages\/390","targetHints":{"allow":["GET"]}}],"collection":[{"href":"https:\/\/vraneseviclaw.com\/en\/wp-json\/wp\/v2\/pages"}],"about":[{"href":"https:\/\/vraneseviclaw.com\/en\/wp-json\/wp\/v2\/types\/page"}],"author":[{"embeddable":true,"href":"https:\/\/vraneseviclaw.com\/en\/wp-json\/wp\/v2\/users\/1"}],"replies":[{"embeddable":true,"href":"https:\/\/vraneseviclaw.com\/en\/wp-json\/wp\/v2\/comments?post=390"}],"version-history":[{"count":3,"href":"https:\/\/vraneseviclaw.com\/en\/wp-json\/wp\/v2\/pages\/390\/revisions"}],"predecessor-version":[{"id":399,"href":"https:\/\/vraneseviclaw.com\/en\/wp-json\/wp\/v2\/pages\/390\/revisions\/399"}],"wp:attachment":[{"href":"https:\/\/vraneseviclaw.com\/en\/wp-json\/wp\/v2\/media?parent=390"}],"curies":[{"name":"wp","href":"https:\/\/api.w.org\/{rel}","templated":true}]}}